{"id":211,"date":"2023-01-07T17:31:49","date_gmt":"2023-01-07T17:31:49","guid":{"rendered":"https:\/\/paduaparente.com.br\/?page_id=211"},"modified":"2025-08-03T19:50:41","modified_gmt":"2025-08-03T19:50:41","slug":"sobre-o-escritorio","status":"publish","type":"page","link":"https:\/\/paduaparente.com.br\/index.php\/sobre-o-escritorio\/","title":{"rendered":"Sobre o Escrit\u00f3rio"},"content":{"rendered":"\t\t<div data-elementor-type=\"wp-page\" data-elementor-id=\"211\" class=\"elementor elementor-211\">\n\t\t\t\t\t\t<section class=\"elementor-section elementor-top-section elementor-element elementor-element-e1006a3 elementor-section-boxed elementor-section-height-default elementor-section-height-default\" data-id=\"e1006a3\" data-element_type=\"section\">\n\t\t\t\t\t\t<div class=\"elementor-container elementor-column-gap-default\">\n\t\t\t\t\t<div class=\"elementor-column elementor-col-100 elementor-top-column elementor-element elementor-element-2a81e46\" data-id=\"2a81e46\" data-element_type=\"column\">\n\t\t\t<div class=\"elementor-widget-wrap elementor-element-populated\">\n\t\t\t\t\t\t<div class=\"elementor-element elementor-element-c1b1d3f elementor-widget elementor-widget-spacer\" data-id=\"c1b1d3f\" data-element_type=\"widget\" data-widget_type=\"spacer.default\">\n\t\t\t\t\t\t\t<div class=\"elementor-spacer\">\n\t\t\t<div class=\"elementor-spacer-inner\"><\/div>\n\t\t<\/div>\n\t\t\t\t\t\t<\/div>\n\t\t\t\t<div class=\"elementor-element elementor-element-54dd61e elementor-widget elementor-widget-heading\" data-id=\"54dd61e\" data-element_type=\"widget\" data-widget_type=\"heading.default\">\n\t\t\t\t\t<h4 class=\"elementor-heading-title elementor-size-default\"><a href=\"https:\/\/paduaparente.com.br\/index.php\/sobre-o-escritorio\/\">Solu\u00e7\u00f5es jur\u00eddicas inteligentes, \u00e1geis e seguras.\n<\/a><\/h4>\t\t\t\t<\/div>\n\t\t\t\t<div class=\"elementor-element elementor-element-c25451e elementor-widget elementor-widget-spacer\" data-id=\"c25451e\" data-element_type=\"widget\" data-widget_type=\"spacer.default\">\n\t\t\t\t\t\t\t<div class=\"elementor-spacer\">\n\t\t\t<div class=\"elementor-spacer-inner\"><\/div>\n\t\t<\/div>\n\t\t\t\t\t\t<\/div>\n\t\t\t\t\t<\/div>\n\t\t<\/div>\n\t\t\t\t\t<\/div>\n\t\t<\/section>\n\t\t<div class=\"elementor-element elementor-element-93ece22 e-flex e-con-boxed e-con e-parent\" data-id=\"93ece22\" data-element_type=\"container\">\n\t\t\t\t\t<div class=\"e-con-inner\">\n\t\t\t\t<div class=\"elementor-element elementor-element-488c1e9 elementor-widget elementor-widget-text-editor\" data-id=\"488c1e9\" data-element_type=\"widget\" data-widget_type=\"text-editor.default\">\n\t\t\t\t\t\t\t\t\t<div class=\"content-left\"><p>Somos um escrit\u00f3rio de advocacia criado para transformar a forma de fazer direito. Atuamos de forma estrat\u00e9gica, pr\u00e1tica e disruptiva, sempre com foco em seguran\u00e7a jur\u00eddica, \u00e9tica e gera\u00e7\u00e3o de valor para os nossos clientes.<\/p><p><br \/>Com uma atua\u00e7\u00e3o forte nos mercados financeiro, banc\u00e1rio, regulat\u00f3rio, empresarial, tribut\u00e1rio e de cripto moedas, somos refer\u00eancia em temas como criptoativos, blockchain, contratos tradicionais e smart contracts.<\/p><p><br \/>Nosso fundador, Antonio de P\u00e1dua Parente Filho, traz mais de 33 anos de experi\u00eancia no universo jur\u00eddico, atuando junto a institui\u00e7\u00f5es financeiras, multinacionais, ind\u00fastrias e organiza\u00e7\u00f5es do terceiro setor. Desde 2017, lidera o escrit\u00f3rio com uma vis\u00e3o clara: simplificar processos, destravar neg\u00f3cios e impulsionar resultados, sempre dentro dos mais altos padr\u00f5es legais e de compliance.<\/p><p><br \/>Hoje, somos um escrit\u00f3rio global, atendendo clientes na Am\u00e9rica Latina, Am\u00e9rica do Norte, Europa, \u00c1sia e Jap\u00e3o, oferecendo solu\u00e7\u00f5es que unem direito, tecnologia e estrat\u00e9gia de neg\u00f3cios.<\/p><p><br \/>Aqui, pensamos diferente: traduzimos o jur\u00eddico para a linguagem dos neg\u00f3cios, conectando compliance, inova\u00e7\u00e3o e resultados.<\/p><\/div>\t\t\t\t\t\t\t\t<\/div>\n\t\t\t\t\t<\/div>\n\t\t\t\t<\/div>\n\t\t<div class=\"elementor-element elementor-element-7b7b092 e-flex e-con-boxed e-con e-parent\" data-id=\"7b7b092\" data-element_type=\"container\">\n\t\t\t\t\t<div class=\"e-con-inner\">\n\t\t\t\t<div class=\"elementor-element elementor-element-7422492 elementor-widget elementor-widget-spacer\" data-id=\"7422492\" data-element_type=\"widget\" data-widget_type=\"spacer.default\">\n\t\t\t\t\t\t\t<div class=\"elementor-spacer\">\n\t\t\t<div class=\"elementor-spacer-inner\"><\/div>\n\t\t<\/div>\n\t\t\t\t\t\t<\/div>\n\t\t\t\t\t<\/div>\n\t\t\t\t<\/div>\n\t\t<div class=\"elementor-element elementor-element-e1a8ec0 e-flex e-con-boxed e-con e-parent\" data-id=\"e1a8ec0\" data-element_type=\"container\">\n\t\t\t\t\t<div class=\"e-con-inner\">\n\t\t<div class=\"elementor-element elementor-element-68dea87 e-con-full e-flex e-con e-child\" data-id=\"68dea87\" data-element_type=\"container\">\n\t\t\t\t<div class=\"elementor-element elementor-element-b39df21 elementor-widget elementor-widget-heading\" data-id=\"b39df21\" data-element_type=\"widget\" data-widget_type=\"heading.default\">\n\t\t\t\t\t<h4 class=\"elementor-heading-title elementor-size-default\"><a href=\"https:\/\/paduaparente.com.br\/index.php\/sobre-o-escritorio\/\">Vis\u00e3o<\/a><\/h4>\t\t\t\t<\/div>\n\t\t\t\t<div class=\"elementor-element elementor-element-30d0b73 elementor-widget elementor-widget-text-editor\" data-id=\"30d0b73\" data-element_type=\"widget\" data-widget_type=\"text-editor.default\">\n\t\t\t\t\t\t\t\t\t<div class=\"content-left\"><p>Ser refer\u00eancia em advocacia pr\u00f3-business, unindo inova\u00e7\u00e3o com intelig\u00eancia artificial, seguran\u00e7a e estrat\u00e9gia para gerar resultados.<\/p><\/div>\t\t\t\t\t\t\t\t<\/div>\n\t\t\t\t<\/div>\n\t\t<div class=\"elementor-element elementor-element-7f0b815 e-con-full e-flex e-con e-child\" data-id=\"7f0b815\" data-element_type=\"container\">\n\t\t\t\t<div class=\"elementor-element elementor-element-e082163 elementor-widget elementor-widget-heading\" data-id=\"e082163\" data-element_type=\"widget\" data-widget_type=\"heading.default\">\n\t\t\t\t\t<h4 class=\"elementor-heading-title elementor-size-default\"><a href=\"https:\/\/paduaparente.com.br\/index.php\/sobre-o-escritorio\/\">Miss\u00e3o<\/a><\/h4>\t\t\t\t<\/div>\n\t\t\t\t<div class=\"elementor-element elementor-element-84cfba3 elementor-widget elementor-widget-text-editor\" data-id=\"84cfba3\" data-element_type=\"widget\" data-widget_type=\"text-editor.default\">\n\t\t\t\t\t\t\t\t\t<div class=\"content-left\"><p>Ajudar nossos clientes a crescer, oferecendo solu\u00e7\u00f5es jur\u00eddicas inteligentes, disruptivas e seguras, sempre em alinhamento com a legisla\u00e7\u00e3o e as melhores pr\u00e1ticas de mercado e de compliance.<\/p><\/div>\t\t\t\t\t\t\t\t<\/div>\n\t\t\t\t<\/div>\n\t\t<div class=\"elementor-element elementor-element-faccab6 e-con-full e-flex e-con e-child\" data-id=\"faccab6\" data-element_type=\"container\">\n\t\t\t\t<div class=\"elementor-element elementor-element-f1a0218 elementor-widget elementor-widget-heading\" data-id=\"f1a0218\" data-element_type=\"widget\" data-widget_type=\"heading.default\">\n\t\t\t\t\t<h4 class=\"elementor-heading-title elementor-size-default\"><a href=\"https:\/\/paduaparente.com.br\/index.php\/sobre-o-escritorio\/\">Valores<\/a><\/h4>\t\t\t\t<\/div>\n\t\t\t\t<div class=\"elementor-element elementor-element-e55337d elementor-widget elementor-widget-text-editor\" data-id=\"e55337d\" data-element_type=\"widget\" data-widget_type=\"text-editor.default\">\n\t\t\t\t\t\t\t\t\t<div class=\"content-left\"><p>\u00c9tica. Consist\u00eancia. Compromisso. Resultado.<br \/>Acreditamos em rela\u00e7\u00f5es s\u00f3lidas, pautadas na confian\u00e7a, na responsabilidade e na constru\u00e7\u00e3o de solu\u00e7\u00f5es que fa\u00e7am a diferen\u00e7a.<\/p><\/div>\t\t\t\t\t\t\t\t<\/div>\n\t\t\t\t<\/div>\n\t\t\t\t\t<\/div>\n\t\t\t\t<\/div>\n\t\t<div class=\"elementor-element elementor-element-0088722 e-flex e-con-boxed e-con e-parent\" data-id=\"0088722\" data-element_type=\"container\">\n\t\t\t\t\t<div class=\"e-con-inner\">\n\t\t\t\t<div class=\"elementor-element elementor-element-c3a33dd elementor-widget elementor-widget-spacer\" data-id=\"c3a33dd\" data-element_type=\"widget\" data-widget_type=\"spacer.default\">\n\t\t\t\t\t\t\t<div class=\"elementor-spacer\">\n\t\t\t<div class=\"elementor-spacer-inner\"><\/div>\n\t\t<\/div>\n\t\t\t\t\t\t<\/div>\n\t\t\t\t\t<\/div>\n\t\t\t\t<\/div>\n\t\t\t\t<section class=\"elementor-section elementor-top-section elementor-element elementor-element-4bc55968 animated-slow elementor-section-boxed elementor-section-height-default elementor-section-height-default elementor-invisible\" data-id=\"4bc55968\" data-element_type=\"section\" data-settings=\"{&quot;animation&quot;:&quot;fadeInUp&quot;,&quot;animation_delay&quot;:10}\">\n\t\t\t\t\t\t<div class=\"elementor-container elementor-column-gap-default\">\n\t\t\t\t\t<div class=\"elementor-column elementor-col-100 elementor-top-column elementor-element elementor-element-9f23118\" data-id=\"9f23118\" data-element_type=\"column\">\n\t\t\t<div class=\"elementor-widget-wrap elementor-element-populated\">\n\t\t\t\t\t\t<div class=\"elementor-element elementor-element-b89c0dd elementor-widget elementor-widget-heading\" data-id=\"b89c0dd\" data-element_type=\"widget\" data-widget_type=\"heading.default\">\n\t\t\t\t\t<h4 class=\"elementor-heading-title elementor-size-default\"><a href=\"https:\/\/paduaparente.com.br\/index.php\/sobre-o-escritorio\/\">LOCAIS ONDE O ESCRIT\u00d3RIO ATUA OU J\u00c1 ATUOU<\/a><\/h4>\t\t\t\t<\/div>\n\t\t\t\t<div class=\"elementor-element elementor-element-a529a07 elementor-widget-divider--view-line elementor-widget elementor-widget-divider\" data-id=\"a529a07\" data-element_type=\"widget\" data-widget_type=\"divider.default\">\n\t\t\t\t\t\t\t<div class=\"elementor-divider\">\n\t\t\t<span class=\"elementor-divider-separator\">\n\t\t\t\t\t\t<\/span>\n\t\t<\/div>\n\t\t\t\t\t\t<\/div>\n\t\t\t\t<div class=\"elementor-element elementor-element-a0c83c6 elementor-widget elementor-widget-html\" data-id=\"a0c83c6\" data-element_type=\"widget\" data-widget_type=\"html.default\">\n\t\t\t\t\t<div class=\"map_wrapper\" id=\"map_wrapper_3846\">\n<div class=\"map_box\" style=\"max-width:2000px\">\n<div class=\"map_aspect_ratio\" style=\"padding-top:56%\" data-padding-top=\"56%\" data-padding-top-mobile=\"0%\">\n<div class=\"map_container\">\n<div class=\"map_render map_loading\" id=\"map_3846\"><\/div>\n<\/div>\n<\/div>\n<\/div>\n<\/div>\t\t\t\t<\/div>\n\t\t\t\t<div class=\"elementor-element elementor-element-56ab15fd elementor-widget elementor-widget-spacer\" data-id=\"56ab15fd\" data-element_type=\"widget\" data-widget_type=\"spacer.default\">\n\t\t\t\t\t\t\t<div class=\"elementor-spacer\">\n\t\t\t<div class=\"elementor-spacer-inner\"><\/div>\n\t\t<\/div>\n\t\t\t\t\t\t<\/div>\n\t\t\t\t\t<\/div>\n\t\t<\/div>\n\t\t\t\t\t<\/div>\n\t\t<\/section>\n\t\t\t\t<\/div>\n\t\t","protected":false},"excerpt":{"rendered":"<p>Solu\u00e7\u00f5es jur\u00eddicas inteligentes, \u00e1geis e seguras. Somos um escrit\u00f3rio de advocacia criado para transformar a forma de fazer direito. Atuamos de forma estrat\u00e9gica, pr\u00e1tica e disruptiva, sempre com foco em seguran\u00e7a jur\u00eddica, \u00e9tica e gera\u00e7\u00e3o de valor para os nossos clientes. Com uma atua\u00e7\u00e3o forte nos mercados financeiro, banc\u00e1rio, regulat\u00f3rio, empresarial, tribut\u00e1rio e de cripto [&hellip;]<\/p>\n","protected":false},"author":1,"featured_media":0,"parent":0,"menu_order":0,"comment_status":"closed","ping_status":"closed","template":"elementor_header_footer","meta":{"om_disable_all_campaigns":false,"site-sidebar-layout":"no-sidebar","site-content-layout":"page-builder","ast-site-content-layout":"","site-content-style":"default","site-sidebar-style":"default","ast-global-header-display":"","ast-banner-title-visibility":"","ast-main-header-display":"","ast-hfb-above-header-display":"","ast-hfb-below-header-display":"","ast-hfb-mobile-header-display":"","site-post-title":"disabled","ast-breadcrumbs-content":"","ast-featured-img":"disabled","footer-sml-layout":"","theme-transparent-header-meta":"","adv-header-id-meta":"","stick-header-meta":"","header-above-stick-meta":"","header-main-stick-meta":"","header-below-stick-meta":"","astra-migrate-meta-layouts":"default","ast-page-background-enabled":"default","ast-page-background-meta":{"desktop":{"background-color":"var(--ast-global-color-4)","background-image":"","background-repeat":"repeat","background-position":"center center","background-size":"auto","background-attachment":"scroll","background-type":"","background-media":"","overlay-type":"","overlay-color":"","overlay-opacity":"","overlay-gradient":""},"tablet":{"background-color":"","background-image":"","background-repeat":"repeat","background-position":"center center","background-size":"auto","background-attachment":"scroll","background-type":"","background-media":"","overlay-type":"","overlay-color":"","overlay-opacity":"","overlay-gradient":""},"mobile":{"background-color":"","background-image":"","background-repeat":"repeat","background-position":"center center","background-size":"auto","background-attachment":"scroll","background-type":"","background-media":"","overlay-type":"","overlay-color":"","overlay-opacity":"","overlay-gradient":""}},"ast-content-background-meta":{"desktop":{"background-color":"var(--ast-global-color-5)","background-image":"","background-repeat":"repeat","background-position":"center center","background-size":"auto","background-attachment":"scroll","background-type":"","background-media":"","overlay-type":"","overlay-color":"","overlay-opacity":"","overlay-gradient":""},"tablet":{"background-color":"var(--ast-global-color-5)","background-image":"","background-repeat":"repeat","background-position":"center center","background-size":"auto","background-attachment":"scroll","background-type":"","background-media":"","overlay-type":"","overlay-color":"","overlay-opacity":"","overlay-gradient":""},"mobile":{"background-color":"var(--ast-global-color-5)","background-image":"","background-repeat":"repeat","background-position":"center center","background-size":"auto","background-attachment":"scroll","background-type":"","background-media":"","overlay-type":"","overlay-color":"","overlay-opacity":"","overlay-gradient":""}},"footnotes":""},"class_list":["post-211","page","type-page","status-publish","hentry"],"_links":{"self":[{"href":"https:\/\/paduaparente.com.br\/index.php\/wp-json\/wp\/v2\/pages\/211","targetHints":{"allow":["GET"]}}],"collection":[{"href":"https:\/\/paduaparente.com.br\/index.php\/wp-json\/wp\/v2\/pages"}],"about":[{"href":"https:\/\/paduaparente.com.br\/index.php\/wp-json\/wp\/v2\/types\/page"}],"author":[{"embeddable":true,"href":"https:\/\/paduaparente.com.br\/index.php\/wp-json\/wp\/v2\/users\/1"}],"replies":[{"embeddable":true,"href":"https:\/\/paduaparente.com.br\/index.php\/wp-json\/wp\/v2\/comments?post=211"}],"version-history":[{"count":130,"href":"https:\/\/paduaparente.com.br\/index.php\/wp-json\/wp\/v2\/pages\/211\/revisions"}],"predecessor-version":[{"id":3868,"href":"https:\/\/paduaparente.com.br\/index.php\/wp-json\/wp\/v2\/pages\/211\/revisions\/3868"}],"wp:attachment":[{"href":"https:\/\/paduaparente.com.br\/index.php\/wp-json\/wp\/v2\/media?parent=211"}],"curies":[{"name":"wp","href":"https:\/\/api.w.org\/{rel}","templated":true}]}}